{"id":100,"date":"2019-08-24T14:57:28","date_gmt":"2019-08-24T17:57:28","guid":{"rendered":"https:\/\/gpar.ufc.br\/?page_id=100"},"modified":"2019-09-11T14:59:12","modified_gmt":"2019-09-11T17:59:12","slug":"linhas-de-pesquisa","status":"publish","type":"page","link":"https:\/\/gpar.ufc.br\/?page_id=100","title":{"rendered":"Linhas de Pesquisa"},"content":{"rendered":"\n<p class=\"has-medium-font-size\">Atualmente trabalhamos com as seguintes linhas de pesquisa:<\/p>\n\n\n\n<p><\/p>\n\n\n\n<ul class=\"wp-block-list\"><li>Modelagem e Controle de Sistemas Din\u00e2micos;<\/li><li> Controle Adaptativo, Robusto, Preditivo, Inteligente com Aplica\u00e7\u00f5es em Processos Industriais e Biom\u00e9dicos; <\/li><li> Controle de Rob\u00f4s M\u00f3veis Terrestres e A\u00e9reos aplicados em Atividades de Automa\u00e7\u00e3o Industrial; <\/li><li> M\u00e9todos de Intelig\u00eancia Computacional; <\/li><li> Aplica\u00e7\u00f5es de Modelagem e Controle em Sistemas El\u00e9tricos de Pot\u00eancia; <\/li><\/ul>\n","protected":false},"excerpt":{"rendered":"<p>Atualmente trabalhamos com as seguintes linhas de pesquisa: Modelagem e Controle de Sistemas Din\u00e2micos; Controle Adaptativo, Robusto, Preditivo, Inteligente com Aplica\u00e7\u00f5es em Processos Industriais e Biom\u00e9dicos; Controle de Rob\u00f4s M\u00f3veis Terrestres e A\u00e9reos aplicados em Atividades de Automa\u00e7\u00e3o Industrial; M\u00e9todos &hellip; <a href=\"https:\/\/gpar.ufc.br\/?page_id=100\">leia mais<\/a><\/p>\n","protected":false},"author":1,"featured_media":0,"parent":0,"menu_order":0,"comment_status":"closed","ping_status":"closed","template":"","meta":{"kt_blocks_editor_width":"","footnotes":""},"class_list":["post-100","page","type-page","status-publish","hentry"],"_links":{"self":[{"href":"https:\/\/gpar.ufc.br\/index.php?rest_route=\/wp\/v2\/pages\/100"}],"collection":[{"href":"https:\/\/gpar.ufc.br\/index.php?rest_route=\/wp\/v2\/pages"}],"about":[{"href":"https:\/\/gpar.ufc.br\/index.php?rest_route=\/wp\/v2\/types\/page"}],"author":[{"embeddable":true,"href":"https:\/\/gpar.ufc.br\/index.php?rest_route=\/wp\/v2\/users\/1"}],"replies":[{"embeddable":true,"href":"https:\/\/gpar.ufc.br\/index.php?rest_route=%2Fwp%2Fv2%2Fcomments&post=100"}],"version-history":[{"count":4,"href":"https:\/\/gpar.ufc.br\/index.php?rest_route=\/wp\/v2\/pages\/100\/revisions"}],"predecessor-version":[{"id":897,"href":"https:\/\/gpar.ufc.br\/index.php?rest_route=\/wp\/v2\/pages\/100\/revisions\/897"}],"wp:attachment":[{"href":"https:\/\/gpar.ufc.br\/index.php?rest_route=%2Fwp%2Fv2%2Fmedia&parent=100"}],"curies":[{"name":"wp","href":"https:\/\/api.w.org\/{rel}","templated":true}]}}