{"id":356,"date":"2019-09-03T12:45:32","date_gmt":"2019-09-03T15:45:32","guid":{"rendered":"https:\/\/gpar.ufc.br\/?page_id=356"},"modified":"2019-10-03T21:19:29","modified_gmt":"2019-10-04T00:19:29","slug":"laboratorio-de-robotica-movel-industrial","status":"publish","type":"page","link":"https:\/\/gpar.ufc.br\/?page_id=356","title":{"rendered":"Laborat\u00f3rio de Rob\u00f3tica M\u00f3vel Industrial"},"content":{"rendered":"\n<p>O Laborat\u00f3rio possui infraestrutura de computa\u00e7\u00e3o, instrumenta\u00e7\u00e3o e rob\u00f4s, destacando-se: quadcoptero DJI matrice 100 para varredura 3D a\u00e9rea, rob\u00f4 m\u00f3vel de explora\u00e7\u00e3o outdoor, AGV indoor, impressoras 3D, sensores LiDAR, sistema GPS-RTK.<\/p>\n\n\n\n<p>Atividades Realizadas:<\/p>\n\n\n\n<ul class=\"wp-block-list\"><li>Rob\u00f3tica m\u00f3vel, navega\u00e7\u00e3o aut\u00f4noma indoor e outdoor, seguimento e planejamento de trajet\u00f3rias.<\/li><li>Desenvolvimento de rob\u00f4s m\u00f3veis e VANTs para automa\u00e7\u00e3o de processos de inspe\u00e7\u00e3o e diagn\u00f3stico de processos industriais.<\/li><li>Aplica\u00e7\u00e3o de VANTs  para varredura a\u00e9rea 3D de pilhas em p\u00e1tios de estocagem.<\/li><\/ul>\n","protected":false},"excerpt":{"rendered":"<p>O Laborat\u00f3rio possui infraestrutura de computa\u00e7\u00e3o, instrumenta\u00e7\u00e3o e rob\u00f4s, destacando-se: quadcoptero DJI matrice 100 para varredura 3D a\u00e9rea, rob\u00f4 m\u00f3vel de explora\u00e7\u00e3o outdoor, AGV indoor, impressoras 3D, sensores LiDAR, sistema GPS-RTK. Atividades Realizadas: Rob\u00f3tica m\u00f3vel, navega\u00e7\u00e3o aut\u00f4noma indoor e outdoor, &hellip; <a href=\"https:\/\/gpar.ufc.br\/?page_id=356\">leia mais<\/a><\/p>\n","protected":false},"author":1,"featured_media":0,"parent":0,"menu_order":0,"comment_status":"closed","ping_status":"closed","template":"","meta":{"kt_blocks_editor_width":"","footnotes":""},"class_list":["post-356","page","type-page","status-publish","hentry"],"_links":{"self":[{"href":"https:\/\/gpar.ufc.br\/index.php?rest_route=\/wp\/v2\/pages\/356"}],"collection":[{"href":"https:\/\/gpar.ufc.br\/index.php?rest_route=\/wp\/v2\/pages"}],"about":[{"href":"https:\/\/gpar.ufc.br\/index.php?rest_route=\/wp\/v2\/types\/page"}],"author":[{"embeddable":true,"href":"https:\/\/gpar.ufc.br\/index.php?rest_route=\/wp\/v2\/users\/1"}],"replies":[{"embeddable":true,"href":"https:\/\/gpar.ufc.br\/index.php?rest_route=%2Fwp%2Fv2%2Fcomments&post=356"}],"version-history":[{"count":4,"href":"https:\/\/gpar.ufc.br\/index.php?rest_route=\/wp\/v2\/pages\/356\/revisions"}],"predecessor-version":[{"id":1338,"href":"https:\/\/gpar.ufc.br\/index.php?rest_route=\/wp\/v2\/pages\/356\/revisions\/1338"}],"wp:attachment":[{"href":"https:\/\/gpar.ufc.br\/index.php?rest_route=%2Fwp%2Fv2%2Fmedia&parent=356"}],"curies":[{"name":"wp","href":"https:\/\/api.w.org\/{rel}","templated":true}]}}