{"id":358,"date":"2019-09-03T12:45:57","date_gmt":"2019-09-03T15:45:57","guid":{"rendered":"https:\/\/gpar.ufc.br\/?page_id=358"},"modified":"2019-10-03T21:18:10","modified_gmt":"2019-10-04T00:18:10","slug":"laboratorio-de-controle-de-processos","status":"publish","type":"page","link":"https:\/\/gpar.ufc.br\/?page_id=358","title":{"rendered":"Laborat\u00f3rio de Controle de Processos"},"content":{"rendered":"\n<p><\/p>\n\n\n\n<p>O laborat\u00f3rio conta com infraestrutura de computa\u00e7\u00e3o, instrumenta\u00e7\u00e3o eletr\u00f4nica, sensores e atuadores, plantas de controle de m\u00e1quinas el\u00e9tricas DFIG, relut\u00e2ncia vari\u00e1vel e MIT, planta de controle de incubadora e outros processos.<\/p>\n\n\n\n<p>Atividades Realizadas:<\/p>\n\n\n\n<ul class=\"wp-block-list\"><li>Novos m\u00e9todos de identifica\u00e7\u00e3o e controle robusto, adaptativo, preditivo e inteligente de processos representados por modelos din\u00e2micos lineares e n\u00e3o-lineares.<\/li><li>Controle multivari\u00e1vel em m\u00e1quinas el\u00e9tricas: MIT, DFIG e motor de relut\u00e3ncia vari\u00e1vel.<\/li><li>Controle multivari\u00e1vel de incubadora neonatal.<\/li><\/ul>\n\n\n\n<p><\/p>\n","protected":false},"excerpt":{"rendered":"<p>O laborat\u00f3rio conta com infraestrutura de computa\u00e7\u00e3o, instrumenta\u00e7\u00e3o eletr\u00f4nica, sensores e atuadores, plantas de controle de m\u00e1quinas el\u00e9tricas DFIG, relut\u00e2ncia vari\u00e1vel e MIT, planta de controle de incubadora e outros processos. Atividades Realizadas: Novos m\u00e9todos de identifica\u00e7\u00e3o e controle robusto, &hellip; <a href=\"https:\/\/gpar.ufc.br\/?page_id=358\">leia mais<\/a><\/p>\n","protected":false},"author":1,"featured_media":0,"parent":0,"menu_order":0,"comment_status":"closed","ping_status":"closed","template":"","meta":{"kt_blocks_editor_width":"","footnotes":""},"class_list":["post-358","page","type-page","status-publish","hentry"],"_links":{"self":[{"href":"https:\/\/gpar.ufc.br\/index.php?rest_route=\/wp\/v2\/pages\/358"}],"collection":[{"href":"https:\/\/gpar.ufc.br\/index.php?rest_route=\/wp\/v2\/pages"}],"about":[{"href":"https:\/\/gpar.ufc.br\/index.php?rest_route=\/wp\/v2\/types\/page"}],"author":[{"embeddable":true,"href":"https:\/\/gpar.ufc.br\/index.php?rest_route=\/wp\/v2\/users\/1"}],"replies":[{"embeddable":true,"href":"https:\/\/gpar.ufc.br\/index.php?rest_route=%2Fwp%2Fv2%2Fcomments&post=358"}],"version-history":[{"count":3,"href":"https:\/\/gpar.ufc.br\/index.php?rest_route=\/wp\/v2\/pages\/358\/revisions"}],"predecessor-version":[{"id":1092,"href":"https:\/\/gpar.ufc.br\/index.php?rest_route=\/wp\/v2\/pages\/358\/revisions\/1092"}],"wp:attachment":[{"href":"https:\/\/gpar.ufc.br\/index.php?rest_route=%2Fwp%2Fv2%2Fmedia&parent=358"}],"curies":[{"name":"wp","href":"https:\/\/api.w.org\/{rel}","templated":true}]}}