{"id":360,"date":"2019-09-03T12:46:16","date_gmt":"2019-09-03T15:46:16","guid":{"rendered":"https:\/\/gpar.ufc.br\/?page_id=360"},"modified":"2019-10-03T21:20:45","modified_gmt":"2019-10-04T00:20:45","slug":"laboratorio-de-simulacao-de-sistemas-dinamicos","status":"publish","type":"page","link":"https:\/\/gpar.ufc.br\/?page_id=360","title":{"rendered":"Laborat\u00f3rio de Simula\u00e7\u00e3o de Sistemas Din\u00e2micos"},"content":{"rendered":"\n<p>Laborat\u00f3rio com computadores em esta\u00e7\u00f5es de trabalho individuais para alunos de doutorado, mestrado e inicia\u00e7\u00e3o cient\u00edfica. \u00c1rea para reuni\u00f5es t\u00e9cnicas e discuss\u00f5es de pesquisa.<\/p>\n","protected":false},"excerpt":{"rendered":"<p>Laborat\u00f3rio com computadores em esta\u00e7\u00f5es de trabalho individuais para alunos de doutorado, mestrado e inicia\u00e7\u00e3o cient\u00edfica. \u00c1rea para reuni\u00f5es t\u00e9cnicas e discuss\u00f5es de pesquisa.<\/p>\n","protected":false},"author":1,"featured_media":0,"parent":0,"menu_order":0,"comment_status":"closed","ping_status":"closed","template":"","meta":{"kt_blocks_editor_width":"","footnotes":""},"class_list":["post-360","page","type-page","status-publish","hentry"],"_links":{"self":[{"href":"https:\/\/gpar.ufc.br\/index.php?rest_route=\/wp\/v2\/pages\/360"}],"collection":[{"href":"https:\/\/gpar.ufc.br\/index.php?rest_route=\/wp\/v2\/pages"}],"about":[{"href":"https:\/\/gpar.ufc.br\/index.php?rest_route=\/wp\/v2\/types\/page"}],"author":[{"embeddable":true,"href":"https:\/\/gpar.ufc.br\/index.php?rest_route=\/wp\/v2\/users\/1"}],"replies":[{"embeddable":true,"href":"https:\/\/gpar.ufc.br\/index.php?rest_route=%2Fwp%2Fv2%2Fcomments&post=360"}],"version-history":[{"count":3,"href":"https:\/\/gpar.ufc.br\/index.php?rest_route=\/wp\/v2\/pages\/360\/revisions"}],"predecessor-version":[{"id":1100,"href":"https:\/\/gpar.ufc.br\/index.php?rest_route=\/wp\/v2\/pages\/360\/revisions\/1100"}],"wp:attachment":[{"href":"https:\/\/gpar.ufc.br\/index.php?rest_route=%2Fwp%2Fv2%2Fmedia&parent=360"}],"curies":[{"name":"wp","href":"https:\/\/api.w.org\/{rel}","templated":true}]}}