{"id":651,"date":"2019-09-10T13:56:38","date_gmt":"2019-09-10T16:56:38","guid":{"rendered":"https:\/\/gpar.ufc.br\/?page_id=651"},"modified":"2019-11-07T23:58:00","modified_gmt":"2019-11-08T02:58:00","slug":"patio-de-carvao","status":"publish","type":"page","link":"https:\/\/gpar.ufc.br\/?page_id=651","title":{"rendered":"P\u00e1tio de Carv\u00e3o"},"content":{"rendered":"\n<p><\/p>\n\n\n\n<p>T\u00edtulo: Desenvolvimento de uma Nova Solu\u00e7\u00e3o para Monitoramento de Estoque de Carv\u00e3o no P\u00e1tio da UTE P\u00e9cem Baseado em um Sistema Autom\u00e1tico de Aquisi\u00e7\u00e3o A\u00e9rea de Dados.<\/p>\n\n\n\n<p>Agente fincanciador: ANEEL &#8211; EDP Energia Pec\u00e9m<\/p>\n\n\n\n<p><\/p>\n\n\n\n<p>O objetivo geral do projeto \u00e9 o desenvolvimento e implanta\u00e7\u00e3o de um sistema de monitoramento autom\u00e1tico para levantamento do volume de carv\u00e3o mineral estocado no p\u00e1tio da PPTM Pec\u00e9m. Tal sistema permitir\u00e1 o monitoramento di\u00e1rio, sem necessidade de paradas na opera\u00e7\u00e3o das m\u00e1quinas empilhadeira-retomadora do p\u00e1tio de carv\u00e3o. A aquisi\u00e7\u00e3o de dados nas pilhas de carv\u00e3o ser\u00e1 realizada de forma autom\u00e1tica por um VANT industrial equipado com sensor LIDAR e estrat\u00e9gias de controle avan\u00e7adas para planejamento e seguimento de trajet\u00f3rias. Os dados coletados ser\u00e3o enviados para um computador onde ser\u00e1 realizado de forma autom\u00e1tica o c\u00e1lculo de volume das pilhas do p\u00e1tio de carv\u00e3o. O referido sistema e metodologias desenvolvidas visam contribuir para a redu\u00e7\u00e3o dos erros na estimativa de estoque de carv\u00e3o, permitindo o aumento da produtividade das equipes de campo e a melhoria da gest\u00e3o e controle do p\u00e1tio de carv\u00e3o da PPTM no CTE do Pec\u00e9m.<\/p>\n\n\n\n<div class=\"wp-block-kadence-advancedgallery\"><div class=\"kb-gallery-ul kb-gallery-type-slider kb-gallery-id-_d67250-70 kb-gallery-caption-style-bottom-hover kb-gallery-filter-none\" data-image-filter=\"none\" data-lightbox-caption=\"true\"><div class=\"kt-blocks-carousel kt-carousel-container-dotstyle-dark\"><div class=\"kt-blocks-carousel-init kb-blocks-slider kt-carousel-arrowstyle-whiteondark kt-carousel-dotstyle-dark\" data-slider-anim-speed=\"400\" data-slider-type=\"slider\" data-slider-scroll=\"1\" data-slider-arrows=\"true\" data-slider-dots=\"true\" data-slider-hover-pause=\"false\" data-slider-auto=\"false\" data-slider-speed=\"7000\"><div class=\"kb-slide-item kb-gallery-slide-item\"><li class=\"kadence-blocks-gallery-item\"><div class=\"kadence-blocks-gallery-item-inner\"><figure class=\"kb-gallery-figure kadence-blocks-gallery-item-hide-caption kb-has-image-ratio-inherit\"><div class=\"kb-gal-image-radius\"><div class=\"kb-gallery-image-contain kadence-blocks-gallery-intrinsic kb-gallery-image-ratio-inherit\"><img decoding=\"async\" src=\"https:\/\/gpar.ufc.br\/wp-content\/uploads\/2019\/11\/Patio-Carvao-1.jpg\" alt=\"\" data-full-image=\"https:\/\/gpar.ufc.br\/wp-content\/uploads\/2019\/11\/Patio-Carvao-1.jpg\" data-light-image=\"https:\/\/gpar.ufc.br\/wp-content\/uploads\/2019\/11\/Patio-Carvao-1.jpg\" data-id=\"1494\" data-link=\"https:\/\/gpar.ufc.br\/?attachment_id=1494\" class=\"wp-image-1494\"\/><\/div><\/div><\/figure><\/div><\/li><\/div><div class=\"kb-slide-item kb-gallery-slide-item\"><li class=\"kadence-blocks-gallery-item\"><div class=\"kadence-blocks-gallery-item-inner\"><figure class=\"kb-gallery-figure kadence-blocks-gallery-item-hide-caption kb-has-image-ratio-inherit\"><div class=\"kb-gal-image-radius\"><div class=\"kb-gallery-image-contain kadence-blocks-gallery-intrinsic kb-gallery-image-ratio-inherit\"><img decoding=\"async\" src=\"https:\/\/gpar.ufc.br\/wp-content\/uploads\/2019\/11\/Patio-Carvao-2.jpg\" alt=\"\" data-full-image=\"https:\/\/gpar.ufc.br\/wp-content\/uploads\/2019\/11\/Patio-Carvao-2.jpg\" data-light-image=\"https:\/\/gpar.ufc.br\/wp-content\/uploads\/2019\/11\/Patio-Carvao-2.jpg\" data-id=\"1495\" data-link=\"https:\/\/gpar.ufc.br\/?attachment_id=1495\" class=\"wp-image-1495\"\/><\/div><\/div><\/figure><\/div><\/li><\/div><\/div><\/div><\/div><\/div>\n\n\n\n<figure class=\"wp-block-video aligncenter\"><video controls src=\"https:\/\/gpar.ufc.br\/wp-content\/uploads\/2019\/09\/WhatsApp-Video-2019-09-11-at-14.22.35-1.mp4\"><\/video><\/figure>\n","protected":false},"excerpt":{"rendered":"<p>T\u00edtulo: Desenvolvimento de uma Nova Solu\u00e7\u00e3o para Monitoramento de Estoque de Carv\u00e3o no P\u00e1tio da UTE P\u00e9cem Baseado em um Sistema Autom\u00e1tico de Aquisi\u00e7\u00e3o A\u00e9rea de Dados. Agente fincanciador: ANEEL &#8211; EDP Energia Pec\u00e9m O objetivo geral do projeto \u00e9 &hellip; <a href=\"https:\/\/gpar.ufc.br\/?page_id=651\">leia mais<\/a><\/p>\n","protected":false},"author":1,"featured_media":0,"parent":0,"menu_order":0,"comment_status":"closed","ping_status":"closed","template":"","meta":{"kt_blocks_editor_width":"","footnotes":""},"class_list":["post-651","page","type-page","status-publish","hentry"],"_links":{"self":[{"href":"https:\/\/gpar.ufc.br\/index.php?rest_route=\/wp\/v2\/pages\/651"}],"collection":[{"href":"https:\/\/gpar.ufc.br\/index.php?rest_route=\/wp\/v2\/pages"}],"about":[{"href":"https:\/\/gpar.ufc.br\/index.php?rest_route=\/wp\/v2\/types\/page"}],"author":[{"embeddable":true,"href":"https:\/\/gpar.ufc.br\/index.php?rest_route=\/wp\/v2\/users\/1"}],"replies":[{"embeddable":true,"href":"https:\/\/gpar.ufc.br\/index.php?rest_route=%2Fwp%2Fv2%2Fcomments&post=651"}],"version-history":[{"count":6,"href":"https:\/\/gpar.ufc.br\/index.php?rest_route=\/wp\/v2\/pages\/651\/revisions"}],"predecessor-version":[{"id":1502,"href":"https:\/\/gpar.ufc.br\/index.php?rest_route=\/wp\/v2\/pages\/651\/revisions\/1502"}],"wp:attachment":[{"href":"https:\/\/gpar.ufc.br\/index.php?rest_route=%2Fwp%2Fv2%2Fmedia&parent=651"}],"curies":[{"name":"wp","href":"https:\/\/api.w.org\/{rel}","templated":true}]}}