{"id":981,"date":"2019-09-24T16:27:47","date_gmt":"2019-09-24T19:27:47","guid":{"rendered":"https:\/\/gpar.ufc.br\/?page_id=981"},"modified":"2019-11-07T23:51:34","modified_gmt":"2019-11-08T02:51:34","slug":"controle-de-incubadora-neonatal","status":"publish","type":"page","link":"https:\/\/gpar.ufc.br\/?page_id=981","title":{"rendered":"Controle de Incubadora Neonatal"},"content":{"rendered":"\n<p>A fun\u00e7\u00e3o de uma incubadora neonatal \u00e9 proporcionar ao rec\u00e9m-nascido um ambiente termicamente confort\u00e1vel. Para um beb\u00ea cujo nascimento ocorreu de forma prematura, necessita-se de um ambiente termicamente neutro, semelhante ao \u00fatero materno.<\/p>\n\n\n\n<p>Atrav\u00e9s da realiza\u00e7\u00e3o de um sistema de controle de temperatura e umidade, pode-se garantir para o rec\u00e9m-nascido um ambiente favor\u00e1vel ao crescimento e \u00e0 resist\u00eancia contra doen\u00e7as devido ao desequil\u00edbrio t\u00e9rmico. Portanto, um controle apropriado de temperatura e umidade relativa est\u00e1 associado ao conforto do rec\u00e9m-nascido.<\/p>\n\n\n\n<p>A incubadora pode ser entendida como um ambiente fechado onde o rec\u00e9m-nascido permanece. Ali s\u00e3o encontrados os sensores que medem a temperatura e a umidade relativa. Estas vari\u00e1veis s\u00e3o controladas com o uso de sinais modulados em largura de pulso (PWM) aplicados \u00e0 um resistor de aquecimento e a um umidificador ultrass\u00f4nico. Estes dispositivos s\u00e3o utilizados para realizar a circula\u00e7\u00e3o de ar dentro da incubadora e assim \u00e9 possivel controlar a temperatura e a umidade relativa.<\/p>\n\n\n\n<p>Diversas t\u00e9cnicas de controle t\u00eam sido estudadas, testadas e comprovadas com sucesso na incubadora neonatal. A interdepend\u00eancia entre a temperatura e a umidade relativa interna permite, por exemplo, o estudo de sistemas em que s\u00e3o controladas m\u00faltiplas vari\u00e1veis e o atraso de transporte existente faz necess\u00e1rio a utiliza\u00e7\u00e3o de t\u00e9cnicas de compensa\u00e7\u00e3o de atraso.<\/p>\n\n\n\n<p>O Grupo de Pesquisa em Automa\u00e7\u00e3o Controle e Rob\u00f3tica (GPAR) possui um prot\u00f3tipo e um modelo comercial de incubadora neonatal onde s\u00e3o realizados os estudos de controle de temperatura e umidade relativa.<\/p>\n\n\n\n<div class=\"wp-block-kadence-advancedgallery\"><div class=\"kb-gallery-ul kb-gallery-type-slider kb-gallery-id-_97b1ed-ef kb-gallery-caption-style-bottom-hover kb-gallery-filter-none\" data-image-filter=\"none\" data-lightbox-caption=\"true\"><div class=\"kt-blocks-carousel kt-carousel-container-dotstyle-dark\"><div class=\"kt-blocks-carousel-init kb-blocks-slider kt-carousel-arrowstyle-whiteondark kt-carousel-dotstyle-dark\" data-slider-anim-speed=\"400\" data-slider-type=\"slider\" data-slider-scroll=\"1\" data-slider-arrows=\"true\" data-slider-dots=\"true\" data-slider-hover-pause=\"false\" data-slider-auto=\"false\" data-slider-speed=\"7000\"><div class=\"kb-slide-item kb-gallery-slide-item\"><li class=\"kadence-blocks-gallery-item\"><div class=\"kadence-blocks-gallery-item-inner\"><figure class=\"kb-gallery-figure kadence-blocks-gallery-item-hide-caption kb-has-image-ratio-inherit\"><div class=\"kb-gal-image-radius\"><div class=\"kb-gallery-image-contain kadence-blocks-gallery-intrinsic kb-gallery-image-ratio-inherit\"><img decoding=\"async\" src=\"https:\/\/gpar.ufc.br\/wp-content\/uploads\/2019\/11\/Newborn-Incubator.jpg\" alt=\"\" data-full-image=\"https:\/\/gpar.ufc.br\/wp-content\/uploads\/2019\/11\/Newborn-Incubator.jpg\" data-light-image=\"https:\/\/gpar.ufc.br\/wp-content\/uploads\/2019\/11\/Newborn-Incubator.jpg\" data-id=\"1481\" data-link=\"https:\/\/gpar.ufc.br\/?attachment_id=1481\" class=\"wp-image-1481\"\/><\/div><\/div><\/figure><\/div><\/li><\/div><div class=\"kb-slide-item kb-gallery-slide-item\"><li class=\"kadence-blocks-gallery-item\"><div class=\"kadence-blocks-gallery-item-inner\"><figure class=\"kb-gallery-figure kadence-blocks-gallery-item-hide-caption kb-has-image-ratio-inherit\"><div class=\"kb-gal-image-radius\"><div class=\"kb-gallery-image-contain kadence-blocks-gallery-intrinsic kb-gallery-image-ratio-inherit\"><img loading=\"lazy\" decoding=\"async\" width=\"981\" height=\"636\" src=\"https:\/\/gpar.ufc.br\/wp-content\/uploads\/2019\/11\/Newborn-Incubator-2.jpg\" alt=\"\" data-full-image=\"https:\/\/gpar.ufc.br\/wp-content\/uploads\/2019\/11\/Newborn-Incubator-2.jpg\" data-light-image=\"https:\/\/gpar.ufc.br\/wp-content\/uploads\/2019\/11\/Newborn-Incubator-2.jpg\" data-id=\"1485\" data-link=\"https:\/\/gpar.ufc.br\/?attachment_id=1485\" class=\"wp-image-1485\" srcset=\"https:\/\/gpar.ufc.br\/wp-content\/uploads\/2019\/11\/Newborn-Incubator-2.jpg 981w, https:\/\/gpar.ufc.br\/wp-content\/uploads\/2019\/11\/Newborn-Incubator-2-300x194.jpg 300w, https:\/\/gpar.ufc.br\/wp-content\/uploads\/2019\/11\/Newborn-Incubator-2-768x498.jpg 768w\" sizes=\"(max-width: 981px) 100vw, 981px\" \/><\/div><\/div><\/figure><\/div><\/li><\/div><\/div><\/div><\/div><\/div>\n","protected":false},"excerpt":{"rendered":"<p>A fun\u00e7\u00e3o de uma incubadora neonatal \u00e9 proporcionar ao rec\u00e9m-nascido um ambiente termicamente confort\u00e1vel. Para um beb\u00ea cujo nascimento ocorreu de forma prematura, necessita-se de um ambiente termicamente neutro, semelhante ao \u00fatero materno. Atrav\u00e9s da realiza\u00e7\u00e3o de um sistema de &hellip; <a href=\"https:\/\/gpar.ufc.br\/?page_id=981\">leia mais<\/a><\/p>\n","protected":false},"author":1,"featured_media":0,"parent":0,"menu_order":0,"comment_status":"closed","ping_status":"closed","template":"","meta":{"kt_blocks_editor_width":"","footnotes":""},"class_list":["post-981","page","type-page","status-publish","hentry"],"_links":{"self":[{"href":"https:\/\/gpar.ufc.br\/index.php?rest_route=\/wp\/v2\/pages\/981"}],"collection":[{"href":"https:\/\/gpar.ufc.br\/index.php?rest_route=\/wp\/v2\/pages"}],"about":[{"href":"https:\/\/gpar.ufc.br\/index.php?rest_route=\/wp\/v2\/types\/page"}],"author":[{"embeddable":true,"href":"https:\/\/gpar.ufc.br\/index.php?rest_route=\/wp\/v2\/users\/1"}],"replies":[{"embeddable":true,"href":"https:\/\/gpar.ufc.br\/index.php?rest_route=%2Fwp%2Fv2%2Fcomments&post=981"}],"version-history":[{"count":4,"href":"https:\/\/gpar.ufc.br\/index.php?rest_route=\/wp\/v2\/pages\/981\/revisions"}],"predecessor-version":[{"id":1490,"href":"https:\/\/gpar.ufc.br\/index.php?rest_route=\/wp\/v2\/pages\/981\/revisions\/1490"}],"wp:attachment":[{"href":"https:\/\/gpar.ufc.br\/index.php?rest_route=%2Fwp%2Fv2%2Fmedia&parent=981"}],"curies":[{"name":"wp","href":"https:\/\/api.w.org\/{rel}","templated":true}]}}