{"id":990,"date":"2019-09-24T16:32:59","date_gmt":"2019-09-24T19:32:59","guid":{"rendered":"https:\/\/gpar.ufc.br\/?page_id=990"},"modified":"2019-10-18T11:56:10","modified_gmt":"2019-10-18T14:56:10","slug":"controle-de-motor-de-relutancia-variavel","status":"publish","type":"page","link":"https:\/\/gpar.ufc.br\/?page_id=990","title":{"rendered":"Controle de Motor de Relut\u00e2ncia Vari\u00e1vel"},"content":{"rendered":"\n<p>\nA\nm\u00e1quina de relut\u00e2ncia vari\u00e1vel (MRV) \u00e9 uma m\u00e1quina el\u00e9trica de\nsimples constru\u00e7\u00e3o, sendo uma das pioneiras na ind\u00fastria. O\ninteresse industrial pela MRV acontece desde 1850, tendo sua\nutiliza\u00e7\u00e3o diminu\u00edda devido \u00e0 complexidade de acionamento para a\ntecnologia da \u00e9poca. Com o avan\u00e7o da engenharia dos materiais e da\nmicroeletr\u00f4nica, novas t\u00e9cnicas de acionamento e controle de\ndispositivos el\u00e9tricos surgiram, tornando poss\u00edvel a utiliza\u00e7\u00e3o\nde m\u00e1quinas el\u00e9tricas que outrora era limitada. As principais\nvantagens da MRV s\u00e3o sua simples constru\u00e7\u00e3o, elevada robustez,\nbaixo custo de produ\u00e7\u00e3o e a dispensabilidade do uso de materiais\nmagn\u00e9ticos. \n<\/p>\n\n\n\n<p>Al\u00e9m\ndisso, a m\u00e1quina tem toler\u00e2ncia a falhas que a distingue de outras\nm\u00e1quinas el\u00e9tricas, principalmente devido \u00e0 continuidade de\nopera\u00e7\u00e3o em caso de falta de fase. As desvantagens s\u00e3o excessivo\nru\u00eddo durante a opera\u00e7\u00e3o, ondula\u00e7\u00e3o no conjugado eletromagn\u00e9tico\nproduzido, necessidade da informa\u00e7\u00e3o de posi\u00e7\u00e3o (sensor acoplado\nao eixo do rotor) e alta complexidade de acionamento de cada fase.<\/p>\n\n\n\n<p>\nO\nGPAR conta com uma bancada composta por uma MRV trif\u00e1sica, um\ncontrolador digital de sinais (DSC) TMS320F28335, um sensor de\nposi\u00e7\u00e3o, um conversor meia-ponte assim\u00e9trico trif\u00e1sico e uma\nm\u00e1quina de corrente cont\u00ednua conectado a um banco de cargas\nresistivas. O conjunto \u00e9 capaz de acionar e controlar a MRV, podendo\nainda simular a inser\u00e7\u00e3o de cargas acopladas \u00e0 ponta do eixo por\nmeio da m\u00e1quina de corrente cont\u00ednua.<\/p>\n\n\n\n<div class=\"wp-block-image\"><figure class=\"aligncenter\"><img loading=\"lazy\" decoding=\"async\" width=\"559\" height=\"355\" src=\"https:\/\/gpar.ufc.br\/wp-content\/uploads\/2019\/10\/ft.png\" alt=\"\" class=\"wp-image-1151\" srcset=\"https:\/\/gpar.ufc.br\/wp-content\/uploads\/2019\/10\/ft.png 559w, https:\/\/gpar.ufc.br\/wp-content\/uploads\/2019\/10\/ft-300x191.png 300w\" sizes=\"(max-width: 559px) 100vw, 559px\" \/><\/figure><\/div>\n","protected":false},"excerpt":{"rendered":"<p>A m\u00e1quina de relut\u00e2ncia vari\u00e1vel (MRV) \u00e9 uma m\u00e1quina el\u00e9trica de simples constru\u00e7\u00e3o, sendo uma das pioneiras na ind\u00fastria. O interesse industrial pela MRV acontece desde 1850, tendo sua utiliza\u00e7\u00e3o diminu\u00edda devido \u00e0 complexidade de acionamento para a tecnologia da &hellip; <a href=\"https:\/\/gpar.ufc.br\/?page_id=990\">leia mais<\/a><\/p>\n","protected":false},"author":1,"featured_media":0,"parent":0,"menu_order":0,"comment_status":"closed","ping_status":"closed","template":"","meta":{"kt_blocks_editor_width":"","footnotes":""},"class_list":["post-990","page","type-page","status-publish","hentry"],"_links":{"self":[{"href":"https:\/\/gpar.ufc.br\/index.php?rest_route=\/wp\/v2\/pages\/990"}],"collection":[{"href":"https:\/\/gpar.ufc.br\/index.php?rest_route=\/wp\/v2\/pages"}],"about":[{"href":"https:\/\/gpar.ufc.br\/index.php?rest_route=\/wp\/v2\/types\/page"}],"author":[{"embeddable":true,"href":"https:\/\/gpar.ufc.br\/index.php?rest_route=\/wp\/v2\/users\/1"}],"replies":[{"embeddable":true,"href":"https:\/\/gpar.ufc.br\/index.php?rest_route=%2Fwp%2Fv2%2Fcomments&post=990"}],"version-history":[{"count":2,"href":"https:\/\/gpar.ufc.br\/index.php?rest_route=\/wp\/v2\/pages\/990\/revisions"}],"predecessor-version":[{"id":1152,"href":"https:\/\/gpar.ufc.br\/index.php?rest_route=\/wp\/v2\/pages\/990\/revisions\/1152"}],"wp:attachment":[{"href":"https:\/\/gpar.ufc.br\/index.php?rest_route=%2Fwp%2Fv2%2Fmedia&parent=990"}],"curies":[{"name":"wp","href":"https:\/\/api.w.org\/{rel}","templated":true}]}}